{"id":10,"date":"2025-02-19T17:38:34","date_gmt":"2025-02-19T17:38:34","guid":{"rendered":"https:\/\/paredes.se\/?page_id=10"},"modified":"2025-05-01T19:40:37","modified_gmt":"2025-05-01T18:40:37","slug":"om","status":"publish","type":"page","link":"https:\/\/paredes.se\/es\/om\/","title":{"rendered":"Sobre nosotros"},"content":{"rendered":"\n<figure class=\"wp-block-image size-full is-resized animated fadeIn\"><img loading=\"lazy\" decoding=\"async\" width=\"743\" height=\"1107\" src=\"https:\/\/paredes.se\/wp-content\/uploads\/2025\/02\/Bild_Jose.png\" alt=\"\" class=\"wp-image-23\" style=\"width:412px;height:auto\" srcset=\"https:\/\/paredes.se\/wp-content\/uploads\/2025\/02\/Bild_Jose.png 743w, https:\/\/paredes.se\/wp-content\/uploads\/2025\/02\/Bild_Jose-201x300.png 201w, https:\/\/paredes.se\/wp-content\/uploads\/2025\/02\/Bild_Jose-687x1024.png 687w\" sizes=\"auto, (max-width: 743px) 100vw, 743px\" \/><\/figure>\n\n\n\n<h2 class=\"wp-block-heading\">Jos\u00e9 Paredes<br>Arquitecto SAR\/MSA<\/h2>\n\n\n\n<p>Studio Paredes AB fue fundado por Jos\u00e9 Paredes, un arquitecto con m\u00e1s de seis a\u00f1os de experiencia en todas las etapas del dise\u00f1o \u2013 desde el primer boceto hasta el edificio terminado. A lo largo de los a\u00f1os ha trabajado en una amplia gama de proyectos, incluidos colegios, guarder\u00edas, residencias LSS, edificios industriales e infraestructura.<\/p>\n\n\n\n<p>Comenz\u00f3 sus estudios en la Universidad T\u00e9cnica de Lund y los complement\u00f3 con un intercambio en la Universidade Federal do Rio de Janeiro. Profesionalmente ha adquirido experiencia en varios estudios de arquitectura en Suecia y en el extranjero, donde ha desarrollado un fuerte sentido por los detalles, la t\u00e9cnica y las soluciones integrales.<\/p>\n\n\n\n<p>Est\u00e1 motivado por crear una arquitectura que sea tanto funcional como bella \u2013 donde est\u00e9tica, t\u00e9cnica y sostenibilidad trabajen en conjunto. A trav\u00e9s de un proceso anal\u00edtico y orientado a soluciones, trabaja para que cada proyecto alcance su m\u00e1ximo potencial.<\/p>\n\n\n\n<p>Cont\u00e1ctanos para hablar sobre tu pr\u00f3ximo proyecto \u2013 juntos creamos soluciones bien pensadas y sostenibles.<\/p>\n\n\n\n<h1 class=\"wp-block-heading\">CV<\/h1>\n\n\n\n<h2 class=\"wp-block-heading\">Experiencia profesional<\/h2>\n\n\n\n<figure class=\"wp-block-table is-style-regular ticss-4e038b60\"><table class=\"has-fixed-layout\"><tbody><tr><td>Studio Paredes AB<\/td><td>2025-01 &#8211; actualidad<\/td><td>Fundador y Director General<\/td><\/tr><tr><td>Sweco AB<\/td><td>2022-09 &#8211; 2024-01<\/td><td>Arquitecto responsable<\/td><\/tr><tr><td>Arkitektgruppen i Malm\u00f6 AB<\/td><td>2017-10 &#8211; 2022-08<\/td><td>Arquitecto colaborador<\/td><\/tr><tr><td>Plan- och Byggnadskonst i Lund AB<\/td><td>2017-01 &#8211; 2017-04<\/td><td>Arquitecto colaborador<\/td><\/tr><tr><td>Christensen &#038; Co Architects<\/td><td>2015-09 &#8211; 2016-01<\/td><td>Practicante de arquitectura<\/td><\/tr><\/tbody><\/table><\/figure>\n\n\n\n<h2 class=\"wp-block-heading\">Educaci\u00f3n<\/h2>\n\n\n\n<figure class=\"wp-block-table ticss-b8ba0c2e\"><table class=\"has-fixed-layout\"><tbody><tr><td>Universidad de Lund<\/td><td>2011 &#8211; 2016<\/td><td>T\u00edtulo de Arquitecto<\/td><\/tr><tr><td>Universidade Federal do Rio de Janeiro<\/td><td>2014<\/td><td>Semestre de intercambio, Arquitectura<\/td><\/tr><tr><td>Real Instituto de Tecnolog\u00eda (KTH)<\/td><td>2010 &#8211; 2011<\/td><td>Programa de Arquitectura<\/td><\/tr><tr><td>Escuela Katedralskolan Lund<\/td><td>2007 &#8211; 2010<\/td><td>Educaci\u00f3n secundaria \u2013 Bachillerato Internacional<\/td><\/tr><\/tbody><\/table><\/figure>\n\n\n\n<h2 class=\"wp-block-heading\">Cursos<\/h2>\n\n\n\n<figure class=\"wp-block-table ticss-5f5c493e\"><table class=\"has-fixed-layout\"><tbody><tr><td>Instituto John Ericsson<\/td><td>2024<\/td><td>Reutilizaci\u00f3n en bienes ra\u00edces y construcci\u00f3n<\/td><\/tr><tr><td>Sweco Academy<\/td><td>2022<\/td><td>Programa de Liderazgo Verde, nivel 1<\/td><\/tr><tr><td>Ley de planificaci\u00f3n y construcci\u00f3n (PBL) &#038; Normas de construcci\u00f3n de Boverket (BBR)<\/td><td>2018-03<\/td><td>Novo Utbildning AB<\/td><\/tr><\/tbody><\/table><\/figure>\n\n\n\n<h2 class=\"wp-block-heading\">M\u00e9ritos<\/h2>\n\n\n\n<figure class=\"wp-block-table\"><table class=\"has-fixed-layout\"><tbody><tr><td>Beca de conservaci\u00f3n del patrimonio arquitect\u00f3nico<\/td><td>2015<\/td><td>Beca de la Asociaci\u00f3n Sueca para la Conservaci\u00f3n de Edificios<\/td><\/tr><tr><td>Beca del Fondo Ambiental para trabajos de grado<\/td><td>2016<\/td><td>Beca del Fondo Ambiental de los Ingenieros Suecos para trabajos de grado<\/td><\/tr><\/tbody><\/table><\/figure>\n","protected":false},"excerpt":{"rendered":"<p>Jos\u00e9 ParedesArquitecto SAR\/MSA Studio Paredes AB fue fundado por Jos\u00e9 Paredes, un arquitecto con m\u00e1s de seis a\u00f1os de experiencia en todas las etapas del dise\u00f1o \u2013 desde el primer boceto hasta el edificio terminado. A lo largo de los a\u00f1os ha trabajado en una amplia gama de proyectos, incluidos colegios, guarder\u00edas, residencias LSS, edificios [&hellip;]<\/p>\n","protected":false},"author":1,"featured_media":0,"parent":0,"menu_order":0,"comment_status":"closed","ping_status":"closed","template":"","meta":{"_themeisle_gutenberg_block_has_review":false,"footnotes":""},"class_list":["post-10","page","type-page","status-publish","hentry"],"_links":{"self":[{"href":"https:\/\/paredes.se\/es\/wp-json\/wp\/v2\/pages\/10","targetHints":{"allow":["GET"]}}],"collection":[{"href":"https:\/\/paredes.se\/es\/wp-json\/wp\/v2\/pages"}],"about":[{"href":"https:\/\/paredes.se\/es\/wp-json\/wp\/v2\/types\/page"}],"author":[{"embeddable":true,"href":"https:\/\/paredes.se\/es\/wp-json\/wp\/v2\/users\/1"}],"replies":[{"embeddable":true,"href":"https:\/\/paredes.se\/es\/wp-json\/wp\/v2\/comments?post=10"}],"version-history":[{"count":29,"href":"https:\/\/paredes.se\/es\/wp-json\/wp\/v2\/pages\/10\/revisions"}],"predecessor-version":[{"id":856,"href":"https:\/\/paredes.se\/es\/wp-json\/wp\/v2\/pages\/10\/revisions\/856"}],"wp:attachment":[{"href":"https:\/\/paredes.se\/es\/wp-json\/wp\/v2\/media?parent=10"}],"curies":[{"name":"wp","href":"https:\/\/api.w.org\/{rel}","templated":true}]}}