{"id":14,"date":"2025-02-19T17:50:44","date_gmt":"2025-02-19T17:50:44","guid":{"rendered":"https:\/\/paredes.se\/?page_id=14"},"modified":"2025-05-01T20:08:38","modified_gmt":"2025-05-01T19:08:38","slug":"kontakt","status":"publish","type":"page","link":"https:\/\/paredes.se\/es\/kontakt\/","title":{"rendered":"Contacto"},"content":{"rendered":"\n<h3 class=\"wp-block-heading\">Hablemos de tu proyecto<\/h3>\n\n\n\n<p>\u00bfQuieres saber m\u00e1s sobre nuestros servicios o reservar una consulta gratuita? Contacta a Jos\u00e9 Paredes, arquitecto y fundador de Studio Paredes AB, y partimos desde ah\u00ed.<\/p>\n\n\n\n<blockquote class=\"wp-block-quote is-layout-flow wp-block-quote-is-layout-flow\">\n<p><a href=\"mailto:info@paredes.se\">info@paredes.se<\/a><br>073 904 94 31<\/p>\n<\/blockquote>\n\n\n\n<p>Te lo ponemos f\u00e1cil para empezar. Elige entre las siguientes opciones:<\/p>\n\n\n\n<ul class=\"wp-block-list\">\n<li><strong>Visita gratuita in situ<\/strong> \u2013 Te visitamos para conversar sobre tus necesidades y visi\u00f3n directamente en el lugar.<\/li>\n\n\n\n<li><strong>Reuni\u00f3n digital<\/strong> \u2013 Una opci\u00f3n flexible si prefieres encontrarnos en l\u00ednea.<\/li>\n\n\n\n<li><strong>Reuni\u00f3n presencial<\/strong> \u2013 Bienvenido a reunirte con nosotros en Malm\u00f6 y hablar sobre tus ideas de proyecto con un caf\u00e9.<\/li>\n<\/ul>\n\n\n\n<div class=\"wp-block-buttons is-layout-flex wp-block-buttons-is-layout-flex\">\n<div class=\"wp-block-button\"><a class=\"wp-block-button__link wp-element-button\" href=\"https:\/\/calendar.app.google\/NKpE2TGh2myLT5vv5\">Reserva una reuni\u00f3n<\/a><\/div>\n<\/div>\n\n\n\n<h3 class=\"wp-block-heading\">O deja un mensaje y nos pondremos en contacto contigo.<\/h3>\n\n\n<style id=\"wpforms-css-vars-875-block-55699d53-e583-4d80-adc0-bc41b1f2ffba\">\n\t\t\t\t#wpforms-875.wpforms-block-55699d53-e583-4d80-adc0-bc41b1f2ffba {\n\t\t\t\t--wpforms-label-color: #262626;\n--wpforms-label-sublabel-color: #000000;\n--wpforms-label-error-color: #A8A8A8;\n--wpforms-page-break-color: #dddddd;\n--wpforms-field-border-radius: 0px;\n--wpforms-field-border-color: #cccccc;\n--wpforms-field-border-color-spare: #cccccc;\n--wpforms-field-text-color: #444444;\n--wpforms-button-border-radius: 0px;\n--wpforms-button-background-color: #dddddd;\n--wpforms-button-text-color: #666666;\n--wpforms-button-border-color: #cccccc;\n--wpforms-field-size-input-height: 43px;\n--wpforms-field-size-input-spacing: 15px;\n--wpforms-field-size-font-size: 16px;\n--wpforms-field-size-line-height: 19px;\n--wpforms-field-size-padding-h: 14px;\n--wpforms-field-size-checkbox-size: 16px;\n--wpforms-field-size-sublabel-spacing: 5px;\n--wpforms-field-size-icon-size: 1;\n--wpforms-label-size-font-size: 14px;\n--wpforms-label-size-line-height: 17px;\n--wpforms-label-size-sublabel-font-size: 13px;\n--wpforms-label-size-sublabel-line-height: 16px;\n--wpforms-button-size-font-size: 20px;\n--wpforms-button-size-height: 48px;\n--wpforms-button-size-padding-h: 20px;\n--wpforms-button-size-margin-top: 15px;\n\n\t\t\t}\n\t\t\t<\/style><style id=\"wpforms-custom-css-875-block-55699d53-e583-4d80-adc0-bc41b1f2ffba\">\n\t\t\t\t.wpforms-form .wpforms-field-label {\n    font-weight: 400 !important;\n    font-family: var(--wp--preset--font-family--body) !important;\n}\n.wpforms-form button[type=submit] {\nfont-family: var(--wp--preset--font-family--body) !important;\n}\n\t\t\t<\/style><div class=\"wpforms-container wpforms-container-full ticss-55699d53 wpforms-block wpforms-block-55699d53-e583-4d80-adc0-bc41b1f2ffba wpforms-render-modern\" id=\"wpforms-875\"><form id=\"wpforms-form-875\" class=\"wpforms-validate wpforms-form wpforms-ajax-form\" data-formid=\"875\" method=\"post\" enctype=\"multipart\/form-data\" action=\"\/es\/wp-json\/wp\/v2\/pages\/14\" data-token=\"59ff1da711153597ace797c2500a21fe\" data-token-time=\"1778062751\"><noscript class=\"wpforms-error-noscript\">Por favor, activa JavaScript en tu navegador para completar este formulario.<\/noscript><div class=\"wpforms-hidden\" id=\"wpforms-error-noscript\">Por favor, activa JavaScript en tu navegador para completar este formulario.<\/div><div class=\"wpforms-field-container\"><div id=\"wpforms-875-field_1-container\" class=\"wpforms-field wpforms-field-name\" data-field-id=\"1\"><label class=\"wpforms-field-label\" for=\"wpforms-875-field_1\">Nombre <span class=\"wpforms-required-label\" aria-hidden=\"true\">*<\/span><\/label><input type=\"text\" id=\"wpforms-875-field_1\" class=\"wpforms-field-medium wpforms-field-required\" name=\"wpforms[fields][1]\" aria-errormessage=\"wpforms-875-field_1-error\" required><\/div><div id=\"wpforms-875-field_2-container\" class=\"wpforms-field wpforms-field-email\" data-field-id=\"2\"><label class=\"wpforms-field-label\" for=\"wpforms-875-field_2\">Correo electr\u00f3nico <span class=\"wpforms-required-label\" aria-hidden=\"true\">*<\/span><\/label><input type=\"email\" id=\"wpforms-875-field_2\" class=\"wpforms-field-medium wpforms-field-required\" name=\"wpforms[fields][2]\" spellcheck=\"false\" aria-errormessage=\"wpforms-875-field_2-error\" required><\/div><div id=\"wpforms-875-field_3-container\" class=\"wpforms-field wpforms-field-textarea\" data-field-id=\"3\"><label class=\"wpforms-field-label\" for=\"wpforms-875-field_3\">Mensaje <span class=\"wpforms-required-label\" aria-hidden=\"true\">*<\/span><\/label><textarea id=\"wpforms-875-field_3\" class=\"wpforms-field-medium wpforms-field-required\" name=\"wpforms[fields][3]\" aria-errormessage=\"wpforms-875-field_3-error\" required><\/textarea><\/div><\/div><!-- .wpforms-field-container --><div class=\"wpforms-submit-container\" ><input type=\"hidden\" name=\"wpforms[id]\" value=\"875\"><input type=\"hidden\" name=\"page_title\" value=\"\"><input type=\"hidden\" name=\"page_url\" value=\"https:\/\/paredes.se\/es\/wp-json\/wp\/v2\/pages\/14\"><button type=\"submit\" name=\"wpforms[submit]\" id=\"wpforms-submit-875\" class=\"wpforms-submit\" data-alt-text=\"Enviando...\" data-submit-text=\"Enviar\" aria-live=\"assertive\" value=\"wpforms-submit\">Enviar<\/button><img loading=\"lazy\" decoding=\"async\" src=\"https:\/\/paredes.se\/wp-content\/plugins\/wpforms-lite\/assets\/images\/submit-spin.svg\" class=\"wpforms-submit-spinner\" style=\"display: none;\" width=\"26\" height=\"26\" alt=\"Cargando\"><\/div><\/form><\/div>  <!-- .wpforms-container -->","protected":false},"excerpt":{"rendered":"<p>Hablemos de tu proyecto \u00bfQuieres saber m\u00e1s sobre nuestros servicios o reservar una consulta gratuita? Contacta a Jos\u00e9 Paredes, arquitecto y fundador de Studio Paredes AB, y partimos desde ah\u00ed. info@paredes.se073 904 94 31 Te lo ponemos f\u00e1cil para empezar. Elige entre las siguientes opciones: O deja un mensaje y nos pondremos en contacto contigo.<\/p>\n","protected":false},"author":1,"featured_media":0,"parent":0,"menu_order":10,"comment_status":"closed","ping_status":"closed","template":"","meta":{"_themeisle_gutenberg_block_has_review":false,"footnotes":""},"class_list":["post-14","page","type-page","status-publish","hentry"],"_links":{"self":[{"href":"https:\/\/paredes.se\/es\/wp-json\/wp\/v2\/pages\/14","targetHints":{"allow":["GET"]}}],"collection":[{"href":"https:\/\/paredes.se\/es\/wp-json\/wp\/v2\/pages"}],"about":[{"href":"https:\/\/paredes.se\/es\/wp-json\/wp\/v2\/types\/page"}],"author":[{"embeddable":true,"href":"https:\/\/paredes.se\/es\/wp-json\/wp\/v2\/users\/1"}],"replies":[{"embeddable":true,"href":"https:\/\/paredes.se\/es\/wp-json\/wp\/v2\/comments?post=14"}],"version-history":[{"count":49,"href":"https:\/\/paredes.se\/es\/wp-json\/wp\/v2\/pages\/14\/revisions"}],"predecessor-version":[{"id":878,"href":"https:\/\/paredes.se\/es\/wp-json\/wp\/v2\/pages\/14\/revisions\/878"}],"wp:attachment":[{"href":"https:\/\/paredes.se\/es\/wp-json\/wp\/v2\/media?parent=14"}],"curies":[{"name":"wp","href":"https:\/\/api.w.org\/{rel}","templated":true}]}}